{"id":203,"date":"2015-04-29T18:48:47","date_gmt":"2015-04-29T16:48:47","guid":{"rendered":"http:\/\/maco-aufzugservice.de\/wp\/?page_id=203"},"modified":"2025-03-13T10:53:28","modified_gmt":"2025-03-13T09:53:28","slug":"kontakt","status":"publish","type":"page","link":"https:\/\/maco-aufzugservice.de\/index.php\/kontakt\/","title":{"rendered":"Kontakt"},"content":{"rendered":"<p>[et_pb_section fb_built=&#8220;1&#8243; fullwidth=&#8220;on&#8220; _builder_version=&#8220;4.16&#8243; global_colors_info=&#8220;{}&#8220;][et_pb_fullwidth_header title=&#8220;Unser B\u00fcro in Langenfeld :&#8220; content_max_width=&#8220;none&#8220; admin_label=&#8220;Vollbreite Kopfzeile&#8220; _builder_version=&#8220;4.16&#8243; background_color=&#8220;rgba(255, 255, 255, 0)&#8220; background_layout=&#8220;light&#8220; global_colors_info=&#8220;{}&#8220; button_one_text_size__hover_enabled=&#8220;off&#8220; button_two_text_size__hover_enabled=&#8220;off&#8220; button_one_text_color__hover_enabled=&#8220;off&#8220; button_two_text_color__hover_enabled=&#8220;off&#8220; button_one_border_width__hover_enabled=&#8220;off&#8220; button_two_border_width__hover_enabled=&#8220;off&#8220; button_one_border_color__hover_enabled=&#8220;off&#8220; button_two_border_color__hover_enabled=&#8220;off&#8220; button_one_border_radius__hover_enabled=&#8220;off&#8220; button_two_border_radius__hover_enabled=&#8220;off&#8220; button_one_letter_spacing__hover_enabled=&#8220;off&#8220; button_two_letter_spacing__hover_enabled=&#8220;off&#8220; button_one_bg_color__hover_enabled=&#8220;off&#8220; button_two_bg_color__hover_enabled=&#8220;off&#8220;][\/et_pb_fullwidth_header][\/et_pb_section][et_pb_section fb_built=&#8220;1&#8243; _builder_version=&#8220;4.18.0&#8243; background_color=&#8220;#f0f0f0&#8243; border_width_top=&#8220;2px&#8220; border_color_top=&#8220;#2b5d92&#8243; transparent_background=&#8220;off&#8220; global_colors_info=&#8220;{}&#8220;][et_pb_row column_structure=&#8220;1_3,2_3&#8243; _builder_version=&#8220;4.16&#8243; background_size=&#8220;initial&#8220; background_position=&#8220;top_left&#8220; background_repeat=&#8220;repeat&#8220; global_colors_info=&#8220;{}&#8220;][et_pb_column type=&#8220;1_3&#8243; _builder_version=&#8220;4.16&#8243; custom_padding=&#8220;|||&#8220; global_colors_info=&#8220;{}&#8220; custom_padding__hover=&#8220;|||&#8220;][et_pb_image src=&#8220;\/wp-content\/uploads\/2015\/04\/ma-co-Logo_150px.png&#8220; align_tablet=&#8220;center&#8220; align_phone=&#8220;&#8220; align_last_edited=&#8220;on|desktop&#8220; admin_label=&#8220;Bild&#8220; _builder_version=&#8220;4.16&#8243; animation=&#8220;off&#8220; sticky=&#8220;off&#8220; global_colors_info=&#8220;{}&#8220;][\/et_pb_image][\/et_pb_column][et_pb_column type=&#8220;2_3&#8243; _builder_version=&#8220;4.16&#8243; custom_padding=&#8220;|||&#8220; global_colors_info=&#8220;{}&#8220; custom_padding__hover=&#8220;|||&#8220;][et_pb_divider show_divider=&#8220;off&#8220; disabled_on=&#8220;on|on|off&#8220; admin_label=&#8220;Teiler&#8220; _builder_version=&#8220;4.16&#8243; height=&#8220;12px&#8220; global_colors_info=&#8220;{}&#8220;][\/et_pb_divider][et_pb_blurb use_icon=&#8220;on&#8220; font_icon=&#8220;&#xe01d;||divi||400&#8243; icon_color=&#8220;#2ea3f2&#8243; icon_placement=&#8220;left&#8220; admin_label=&#8220;Informationstext&#8220; _builder_version=&#8220;4.27.4&#8243; background_size=&#8220;initial&#8220; background_position=&#8220;top_left&#8220; background_repeat=&#8220;repeat&#8220; animation=&#8220;off&#8220; hover_enabled=&#8220;0&#8243; global_colors_info=&#8220;{}&#8220; sticky_enabled=&#8220;0&#8243;]<\/p>\n<h3><strong>MACO Aufzugservice GmbH<\/strong><\/h3>\n<p>Hans-B\u00f6ckler-Stra\u00dfe\u00a03<br \/>40764 Langenfeld<\/p>\n<p><strong><a href=\"tel:00492173999230\">Tel.: 02173 \/ 9 99 23-0<\/a><\/strong><\/p>\n<p>[\/et_pb_blurb][\/et_pb_column][\/et_pb_row][\/et_pb_section][et_pb_section fb_built=&#8220;1&#8243; _builder_version=&#8220;4.27.4&#8243; background_color=&#8220;#ffffff&#8220; hover_enabled=&#8220;0&#8243; transparent_background=&#8220;off&#8220; global_colors_info=&#8220;{}&#8220; disabled_on=&#8220;on|on|on&#8220; disabled=&#8220;on&#8220; sticky_enabled=&#8220;0&#8243;][et_pb_row _builder_version=&#8220;4.16&#8243; background_size=&#8220;initial&#8220; background_position=&#8220;top_left&#8220; background_repeat=&#8220;repeat&#8220; global_module=&#8220;1365&#8243; saved_tabs=&#8220;all&#8220; global_colors_info=&#8220;{}&#8220;][et_pb_column type=&#8220;4_4&#8243; _builder_version=&#8220;4.16&#8243; custom_padding=&#8220;|||&#8220; global_colors_info=&#8220;{}&#8220; custom_padding__hover=&#8220;|||&#8220;][et_pb_contact_form use_spam_service=&#8220;on&#8220; recaptcha_list=&#8220;maco|maco-0&#8243; email=&#8220;kontakt@maco-aufzugservice.de&#8220; title=&#8220;Bitte kontaktieren Sie uns HIER per E-Mail:&#8220; custom_message=&#8220;E-Mail von der Website https:\/\/maco-aufzugservice.de||et_pb_line_break_holder||||et_pb_line_break_holder||Name: %%Name%%||et_pb_line_break_holder||E-Mail: %%Email%%||et_pb_line_break_holder||Nachricht: %%Message%%&#8220; success_message=&#8220;Ihre Nachricht wurde erfolgreich \u00fcbermittelt &#8211; vielen Dank&#8220; admin_label=&#8220;Kontaktformular&#8220; _builder_version=&#8220;4.18.0&#8243; _unique_id=&#8220;b9553d2a-3ad1-479e-a802-217b1f8c87e5&#8243; global_colors_info=&#8220;{}&#8220;][et_pb_contact_field field_id=&#8220;Name&#8220; field_title=&#8220;Name&#8220; _builder_version=&#8220;4.16&#8243; global_colors_info=&#8220;{}&#8220; button_text_size__hover_enabled=&#8220;off&#8220; button_one_text_size__hover_enabled=&#8220;off&#8220; button_two_text_size__hover_enabled=&#8220;off&#8220; button_text_color__hover_enabled=&#8220;off&#8220; button_one_text_color__hover_enabled=&#8220;off&#8220; button_two_text_color__hover_enabled=&#8220;off&#8220; button_border_width__hover_enabled=&#8220;off&#8220; button_one_border_width__hover_enabled=&#8220;off&#8220; button_two_border_width__hover_enabled=&#8220;off&#8220; button_border_color__hover_enabled=&#8220;off&#8220; button_one_border_color__hover_enabled=&#8220;off&#8220; button_two_border_color__hover_enabled=&#8220;off&#8220; button_border_radius__hover_enabled=&#8220;off&#8220; button_one_border_radius__hover_enabled=&#8220;off&#8220; button_two_border_radius__hover_enabled=&#8220;off&#8220; button_letter_spacing__hover_enabled=&#8220;off&#8220; button_one_letter_spacing__hover_enabled=&#8220;off&#8220; button_two_letter_spacing__hover_enabled=&#8220;off&#8220; button_bg_color__hover_enabled=&#8220;off&#8220; button_one_bg_color__hover_enabled=&#8220;off&#8220; button_two_bg_color__hover_enabled=&#8220;off&#8220;][\/et_pb_contact_field][et_pb_contact_field field_id=&#8220;Email&#8220; field_title=&#8220;E-Mail-Adresse&#8220; field_type=&#8220;email&#8220; _builder_version=&#8220;4.16&#8243; global_colors_info=&#8220;{}&#8220; button_text_size__hover_enabled=&#8220;off&#8220; button_one_text_size__hover_enabled=&#8220;off&#8220; button_two_text_size__hover_enabled=&#8220;off&#8220; button_text_color__hover_enabled=&#8220;off&#8220; button_one_text_color__hover_enabled=&#8220;off&#8220; button_two_text_color__hover_enabled=&#8220;off&#8220; button_border_width__hover_enabled=&#8220;off&#8220; button_one_border_width__hover_enabled=&#8220;off&#8220; button_two_border_width__hover_enabled=&#8220;off&#8220; button_border_color__hover_enabled=&#8220;off&#8220; button_one_border_color__hover_enabled=&#8220;off&#8220; button_two_border_color__hover_enabled=&#8220;off&#8220; button_border_radius__hover_enabled=&#8220;off&#8220; button_one_border_radius__hover_enabled=&#8220;off&#8220; button_two_border_radius__hover_enabled=&#8220;off&#8220; button_letter_spacing__hover_enabled=&#8220;off&#8220; button_one_letter_spacing__hover_enabled=&#8220;off&#8220; button_two_letter_spacing__hover_enabled=&#8220;off&#8220; button_bg_color__hover_enabled=&#8220;off&#8220; button_one_bg_color__hover_enabled=&#8220;off&#8220; button_two_bg_color__hover_enabled=&#8220;off&#8220;][\/et_pb_contact_field][et_pb_contact_field field_id=&#8220;Message&#8220; field_title=&#8220;Nachricht&#8220; field_type=&#8220;text&#8220; fullwidth_field=&#8220;on&#8220; _builder_version=&#8220;4.16&#8243; global_colors_info=&#8220;{}&#8220; button_text_size__hover_enabled=&#8220;off&#8220; button_one_text_size__hover_enabled=&#8220;off&#8220; button_two_text_size__hover_enabled=&#8220;off&#8220; button_text_color__hover_enabled=&#8220;off&#8220; button_one_text_color__hover_enabled=&#8220;off&#8220; button_two_text_color__hover_enabled=&#8220;off&#8220; button_border_width__hover_enabled=&#8220;off&#8220; button_one_border_width__hover_enabled=&#8220;off&#8220; button_two_border_width__hover_enabled=&#8220;off&#8220; button_border_color__hover_enabled=&#8220;off&#8220; button_one_border_color__hover_enabled=&#8220;off&#8220; button_two_border_color__hover_enabled=&#8220;off&#8220; button_border_radius__hover_enabled=&#8220;off&#8220; button_one_border_radius__hover_enabled=&#8220;off&#8220; button_two_border_radius__hover_enabled=&#8220;off&#8220; button_letter_spacing__hover_enabled=&#8220;off&#8220; button_one_letter_spacing__hover_enabled=&#8220;off&#8220; button_two_letter_spacing__hover_enabled=&#8220;off&#8220; button_bg_color__hover_enabled=&#8220;off&#8220; button_one_bg_color__hover_enabled=&#8220;off&#8220; button_two_bg_color__hover_enabled=&#8220;off&#8220;][\/et_pb_contact_field][\/et_pb_contact_form][et_pb_text _builder_version=&#8220;4.18.0&#8243; _module_preset=&#8220;default&#8220; animation_style=&#8220;slide&#8220; animation_direction=&#8220;top&#8220; animation_duration=&#8220;1600ms&#8220; animation_delay=&#8220;1000ms&#8220; global_colors_info=&#8220;{}&#8220;]<\/p>\n<div class=\"BorlabsCookie _brlbs-cb-recaptcha\"><div class=\"_brlbs-content-blocker\"> <div class=\"_brlbs-default\"> <p style=\"font-size:16px; margin:0;\">Um dieses E-Mail Formular zu sch\u00fctzen nutzen wir den Service <a style=\"color: #0f298f; text-decoration: underline;\" href=\"https:\/\/maco-aufzugservice.de\/index.php\/impressum#datenschutz\" target=\"_blank\">Google reCAPTCHA.<\/a><\/p><p style=\"font-size:16px; font-weight: bold; margin:0; padding-top: 8px;\">Erst durch bet\u00e4tigen des Buttons werden die daf\u00fcr n\u00f6tigen Daten an Drittanbieter (Google) \u00fcbertragen.<\/p> <p style=\"font-size:16px; font-weight: bold; padding-top: 8px;\">Zus\u00e4tzlich best\u00e4tigen Sie hiermit, dass Sie unsere <a style=\"color: #0f298f; text-decoration: underline;\" href=\"\/impressum\/#datenschutz\" target=\"_blank\" rel=\"noopener noreferrer;\">Datenschutzerkl\u00e4rung<\/a> zur Kenntniss genommen haben<br \/>sowie der zweckgebundenen Speicherung Ihrer Daten zustimmen.<\/p> <p> <a class=\"_brlbs-btn\" style=\"font-size: 20px; font-weight: bold; padding: 12px 3em 13px; border-radius:26px;\" href=\"#\" data-borlabs-cookie-unblock role=\"button\" >Google reCAPTCHA aktivieren<\/a > <\/p> <p style=\"font-style: italic; color: #ababab\"> Dieses Kontakt-Formular ist durch Google reCAPTCHA gesch\u00fctzt und es gelten die <a style=\"color: #0f298f; text-decoration: underline;\" href=\"https:\/\/policies.google.com\/privacy\" target=\"_blank\" rel=\"noopener noreferrer\" >Datenschutzbestimmungen<\/a > und <a style=\"color: #0f298f; text-decoration: underline;\" href=\"https:\/\/policies.google.com\/terms\" target=\"_blank\" rel=\"noopener noreferrer\" >Nutzungsbedingungen<\/a > von Google. <\/p> <\/div> <\/div> <script> jQuery(document).ready(function () { jQuery(\".et_pb_recaptcha_enabled .et_pb_contact_submit\").prop( \"disabled\", true ); }); <\/script> <div class=\"borlabs-hide\" data-borlabs-cookie-type=\"content-blocker\" data-borlabs-cookie-id=\"recaptcha\"><script type=\"text\/template\">PHNwYW4gc3R5bGU9ImNvbG9yOiByZWQ7IGZvbnQtd2VpZ2h0OiBib2xkOyI+R29vZ2xlIHJlQ0FQVENIQSB3dXJkZSBnZWxhZGVuICYjODIzMDs8L3NwYW4+<\/script><\/div><\/div>\n<p>[\/et_pb_text][et_pb_text _builder_version=&#8220;4.18.0&#8243; _module_preset=&#8220;default&#8220; global_colors_info=&#8220;{}&#8220;]<\/p>\n<p style=\"text-align: center;\">Wenn Sie <strong>Google reCAPTCHA <span style=\"color: red;\">NICHT<\/span> akzeptieren<\/strong><br \/>\nschreiben Sie uns bitte eine <a style=\"font-weight: bold; text-decoration: underline;\" href=\"mailto:kontakt@maco-aufzugservice.de\">normale E-Mail<\/a> \u00fcber Ihr lokales Mailprogramm.<\/p>\n<p>[\/et_pb_text][\/et_pb_column][\/et_pb_row][\/et_pb_section]<\/p>\n","protected":false},"excerpt":{"rendered":"<p>MACO Aufzugservice GmbH Hans-B\u00f6ckler-Stra\u00dfe\u00a0340764 Langenfeld Tel.: 02173 \/ 9 99 23-0<div class=\"BorlabsCookie _brlbs-cb-recaptcha\"><div class=\"_brlbs-content-blocker\"> <div class=\"_brlbs-default\"> <p style=\"font-size:16px; margin:0;\">Um dieses E-Mail Formular zu sch\u00fctzen nutzen wir den Service <a style=\"color: #0f298f; text-decoration: underline;\" href=\"https:\/\/maco-aufzugservice.de\/index.php\/impressum#datenschutz\" target=\"_blank\">Google reCAPTCHA.<\/a><\/p><p style=\"font-size:16px; font-weight: bold; margin:0; padding-top: 8px;\">Erst durch bet\u00e4tigen des Buttons werden die daf\u00fcr n\u00f6tigen Daten an Drittanbieter (Google) \u00fcbertragen.<\/p> <p style=\"font-size:16px; font-weight: bold; padding-top: 8px;\">Zus\u00e4tzlich best\u00e4tigen Sie hiermit, dass Sie unsere <a style=\"color: #0f298f; text-decoration: underline;\" href=\"\/impressum\/#datenschutz\" target=\"_blank\" rel=\"noopener noreferrer;\">Datenschutzerkl\u00e4rung<\/a> zur Kenntniss genommen haben<br \/>sowie der zweckgebundenen Speicherung Ihrer Daten zustimmen.<\/p> <p> <a class=\"_brlbs-btn\" style=\"font-size: 20px; font-weight: bold; padding: 12px 3em 13px; border-radius:26px;\" href=\"#\" data-borlabs-cookie-unblock role=\"button\" >Google reCAPTCHA aktivieren<\/a > <\/p> <p style=\"font-style: italic; color: #ababab\"> Dieses Kontakt-Formular ist durch Google reCAPTCHA gesch\u00fctzt und es gelten die <a style=\"color: #0f298f; text-decoration: underline;\" href=\"https:\/\/policies.google.com\/privacy\" target=\"_blank\" rel=\"noopener noreferrer\" >Datenschutzbestimmungen<\/a > und <a style=\"color: #0f298f; text-decoration: underline;\" href=\"https:\/\/policies.google.com\/terms\" target=\"_blank\" rel=\"noopener noreferrer\" >Nutzungsbedingungen<\/a > von Google. <\/p> <\/div> <\/div> <script> jQuery(document).ready(function () { jQuery(\".et_pb_recaptcha_enabled .et_pb_contact_submit\").prop( \"disabled\", true ); }); <\/script> <div class=\"borlabs-hide\" data-borlabs-cookie-type=\"content-blocker\" data-borlabs-cookie-id=\"recaptcha\"><script type=\"text\/template\">R29vZ2xlIHJlQ0FQVENIQSB3dXJkZSBnZWxhZGVuICYjODIzMDs=<\/script><\/div><\/div>Wenn Sie Google reCAPTCHA NICHT akzeptieren schreiben Sie uns bitte eine normale E-Mail \u00fcber Ihr lokales Mailprogramm.<\/p>\n","protected":false},"author":1,"featured_media":0,"parent":0,"menu_order":0,"comment_status":"open","ping_status":"open","template":"","meta":{"_et_pb_use_builder":"on","_et_pb_old_content":"","_et_gb_content_width":"","footnotes":""},"class_list":["post-203","page","type-page","status-publish","hentry"],"_links":{"self":[{"href":"https:\/\/maco-aufzugservice.de\/index.php\/wp-json\/wp\/v2\/pages\/203","targetHints":{"allow":["GET"]}}],"collection":[{"href":"https:\/\/maco-aufzugservice.de\/index.php\/wp-json\/wp\/v2\/pages"}],"about":[{"href":"https:\/\/maco-aufzugservice.de\/index.php\/wp-json\/wp\/v2\/types\/page"}],"author":[{"embeddable":true,"href":"https:\/\/maco-aufzugservice.de\/index.php\/wp-json\/wp\/v2\/users\/1"}],"replies":[{"embeddable":true,"href":"https:\/\/maco-aufzugservice.de\/index.php\/wp-json\/wp\/v2\/comments?post=203"}],"version-history":[{"count":80,"href":"https:\/\/maco-aufzugservice.de\/index.php\/wp-json\/wp\/v2\/pages\/203\/revisions"}],"predecessor-version":[{"id":1446,"href":"https:\/\/maco-aufzugservice.de\/index.php\/wp-json\/wp\/v2\/pages\/203\/revisions\/1446"}],"wp:attachment":[{"href":"https:\/\/maco-aufzugservice.de\/index.php\/wp-json\/wp\/v2\/media?parent=203"}],"curies":[{"name":"wp","href":"https:\/\/api.w.org\/{rel}","templated":true}]}}